{"id":5,"date":"2017-12-12T13:59:20","date_gmt":"2017-12-12T13:59:20","guid":{"rendered":"http:\/\/zlapkontakt.pl\/?page_id=5"},"modified":"2019-07-03T14:19:46","modified_gmt":"2019-07-03T14:19:46","slug":"front-page","status":"publish","type":"page","link":"https:\/\/zlapkontakt.pl\/","title":{"rendered":"Front page"},"content":{"rendered":"<h3 style=\"text-align: center;\"><strong>Jak Dawid z Goliatem<\/strong><\/h3>\n<p style=\"text-align: left;\">E-marketing to morze dost\u0119pnych \u015brodk\u00f3w dotarcia do Klient\u00f3w w internecie. Niestety \u2013 do tej pory dzia\u0142ania w tym zakresie podejmowali g\u0142\u00f3wnie ci \u201eduzi\u201d: korporacje o wielomilionowych bud\u017cetach reklamowych. Postanowili\u015bmy zmieni\u0107 ten uk\u0142ad si\u0142 i sprawi\u0107, \u017ce ka\u017cdy mikroprzedsi\u0119biorca b\u0119dzie m\u00f3g\u0142 budowa\u0107 swoj\u0105 pozycj\u0119 w sieci w spos\u00f3b efektywny i niedrogi.<\/p>\n<h3 style=\"text-align: center;\"><strong>Szczypta magii<\/strong><\/h3>\n<p style=\"text-align: left;\">Strategia, jak\u0105 proponujemy, pomimo dopasowania do Twojej bran\u017cy i charakteru Twojego klienta zawsze zawiera kilka podstawowych, gwarantuj\u0105cych sukces sk\u0142adowych. S\u0105 to:<\/p>\n<ul>\n<li style=\"text-align: left;\">efekty &#8211; tylko one si\u0119 licz\u0105. Nasza najlepsz\u0105 wizyt\u00f3wk\u0105 b\u0119d\u0105 Klienci, kt\u00f3rych Ci przyprowadzimy<\/li>\n<li style=\"text-align: left;\">automatyzacja &#8211; gdy potencjalny Klient b\u0119dzie si\u0119 chcia\u0142 z Tob\u0105 skontaktowa\u0107, otrzymasz informacj\u0119 w czasie rzeczywistym<\/li>\n<li style=\"text-align: left;\">elastyczne formy rozlicze\u0144 &#8211; rycza\u0142t, rozliczenie za sukces i inne<\/li>\n<\/ul>\n<h3 style=\"text-align: center;\"><strong>Jest jak, ale nie ma komu<\/strong><\/h3>\n<p style=\"text-align: left;\">Na rynku istnieje multum serwis\u00f3w i narz\u0119dzi umo\u017cliwiaj\u0105cych pozyskiwanie lead\u00f3w. Nikt jednak nie pokazuje co zrobi\u0107, aby kampanie przynosi\u0142y zamierzony efekt. Ma\u0142e firmy nie maj\u0105 tak\u017ce czasu na \u201euczenie si\u0119\u201d e-marketingu, bo s\u0105 zaj\u0119te codzienn\u0105 dzia\u0142alno\u015bci\u0105. Odci\u0105\u017camy w\u0142a\u015bcicieli jednoosobowych firm w dzia\u0142aniach w tym zakresie, pozyskujemy potencjalnych klient\u00f3w na produkty firmy (czy to wirtualne, czy realne), przedstawiamy im ofert\u0119 i budujemy spo\u0142eczno\u015b\u0107.<\/p>\n","protected":false},"excerpt":{"rendered":"<p>Jak Dawid z Goliatem E-marketing to morze dost\u0119pnych \u015brodk\u00f3w dotarcia do Klient\u00f3w w internecie. Niestety \u2013 do tej pory dzia\u0142ania w tym zakresie podejmowali g\u0142\u00f3wnie ci \u201eduzi\u201d: korporacje o wielomilionowych bud\u017cetach reklamowych. Postanowili\u015bmy zmieni\u0107 ten uk\u0142ad si\u0142 i sprawi\u0107, \u017ce ka\u017cdy mikroprzedsi\u0119biorca b\u0119dzie m\u00f3g\u0142 budowa\u0107 swoj\u0105 pozycj\u0119 w sieci w [&hellip;]<\/p>\n","protected":false},"author":1,"featured_media":24,"parent":0,"menu_order":0,"comment_status":"closed","ping_status":"closed","template":"","meta":[],"_links":{"self":[{"href":"https:\/\/zlapkontakt.pl\/index.php?rest_route=\/wp\/v2\/pages\/5"}],"collection":[{"href":"https:\/\/zlapkontakt.pl\/index.php?rest_route=\/wp\/v2\/pages"}],"about":[{"href":"https:\/\/zlapkontakt.pl\/index.php?rest_route=\/wp\/v2\/types\/page"}],"author":[{"embeddable":true,"href":"https:\/\/zlapkontakt.pl\/index.php?rest_route=\/wp\/v2\/users\/1"}],"replies":[{"embeddable":true,"href":"https:\/\/zlapkontakt.pl\/index.php?rest_route=%2Fwp%2Fv2%2Fcomments&post=5"}],"version-history":[{"count":4,"href":"https:\/\/zlapkontakt.pl\/index.php?rest_route=\/wp\/v2\/pages\/5\/revisions"}],"predecessor-version":[{"id":373,"href":"https:\/\/zlapkontakt.pl\/index.php?rest_route=\/wp\/v2\/pages\/5\/revisions\/373"}],"wp:featuredmedia":[{"embeddable":true,"href":"https:\/\/zlapkontakt.pl\/index.php?rest_route=\/wp\/v2\/media\/24"}],"wp:attachment":[{"href":"https:\/\/zlapkontakt.pl\/index.php?rest_route=%2Fwp%2Fv2%2Fmedia&parent=5"}],"curies":[{"name":"wp","href":"https:\/\/api.w.org\/{rel}","templated":true}]}}